{"id":7547,"date":"2020-11-05T08:55:59","date_gmt":"2020-11-05T08:55:59","guid":{"rendered":"https:\/\/the7.io\/elementor-creative-light\/?page_id=7547"},"modified":"2026-02-18T09:06:28","modified_gmt":"2026-02-18T07:06:28","slug":"contact","status":"publish","type":"page","link":"https:\/\/plasticprocess.ro\/en\/contact\/","title":{"rendered":"Contact"},"content":{"rendered":"\t\t<div data-elementor-type=\"wp-page\" data-elementor-id=\"7547\" class=\"elementor elementor-7547\">\n\t\t\t\t\t\t<section class=\"elementor-section elementor-top-section elementor-element elementor-element-f310178 elementor-section-boxed elementor-section-height-default elementor-section-height-default\" data-id=\"f310178\" data-element_type=\"section\" data-e-type=\"section\">\n\t\t\t\t\t\t<div class=\"elementor-container elementor-column-gap-wide\">\n\t\t\t\t\t<div class=\"elementor-column elementor-col-100 elementor-top-column elementor-element elementor-element-bbebf23\" data-id=\"bbebf23\" data-element_type=\"column\" data-e-type=\"column\">\n\t\t\t<div class=\"elementor-widget-wrap elementor-element-populated\">\n\t\t\t\t\t\t<div class=\"elementor-element elementor-element-7e49746 elementor-widget__width-initial elementor-widget elementor-widget-heading\" data-id=\"7e49746\" data-element_type=\"widget\" data-e-type=\"widget\" data-widget_type=\"heading.default\">\n\t\t\t\t<div class=\"elementor-widget-container\">\n\t\t\t\t\t<h3 class=\"elementor-heading-title elementor-size-default\">Hai s\u0103 ne cunoa\u0219tem.<\/h3>\t\t\t\t<\/div>\n\t\t\t\t<\/div>\n\t\t\t\t\t<\/div>\n\t\t<\/div>\n\t\t\t\t\t<\/div>\n\t\t<\/section>\n\t\t\t\t<section class=\"elementor-section elementor-top-section elementor-element elementor-element-d7bd398 elementor-section-boxed elementor-section-height-default elementor-section-height-default\" data-id=\"d7bd398\" data-element_type=\"section\" data-e-type=\"section\">\n\t\t\t\t\t\t<div class=\"elementor-container elementor-column-gap-wide\">\n\t\t\t\t\t<div class=\"elementor-column elementor-col-50 elementor-top-column elementor-element elementor-element-b492077\" data-id=\"b492077\" data-element_type=\"column\" data-e-type=\"column\">\n\t\t\t<div class=\"elementor-widget-wrap elementor-element-populated\">\n\t\t\t\t\t\t<div class=\"elementor-element elementor-element-72a0202 content-align-tablet-left icon-vertical-align-tablet-start icon-position-top content-align-left icon-box-vertical-align-top icon-vertical-align-start elementor-widget elementor-widget-the7_icon_box_grid_widget\" data-id=\"72a0202\" data-element_type=\"widget\" data-e-type=\"widget\" data-widget_type=\"the7_icon_box_grid_widget.default\">\n\t\t\t\t<div class=\"elementor-widget-container\">\n\t\t\t\t\t<div class=\"the7-box-grid-wrapper the7-elementor-widget loading-effect-none the7_icon_box_grid_widget-72a0202\">\t\t\t<div class=\"dt-css-grid\">\n\t\t\t\t\t\t\t\t\t<div class=\"wf-cell shown\">\n\t\t\t\t\t\t<div class=\"the7-icon-box-grid\">\t\t\t\t\t\t\t<div class=\"box-content-wrapper\">\n\t\t\t\t\t\t\t\t\t\t\t\t\t\t\t\t\t<a class=\"elementor-icon-div\" aria-label=\"&lt;a href=&quot;tel:+40773365426 &quot;&gt;+40 773 365 426&lt;\/a&gt; &lt;br&gt; &lt;a href=&quot;tel:+40773365474&quot;&gt;+40 773 365 474&lt;\/a&gt;\">\t\t\t\t\t\t\t\t\t\t<div class=\"elementor-icon\">\n\t\t\t\t\t\t\t\t\t\t\t<svg xmlns=\"http:\/\/www.w3.org\/2000\/svg\" viewBox=\"0 0 24 24\" width=\"24\" height=\"24\"><path fill=\"none\" d=\"M0 0h24v24H0z\"><\/path><path d=\"M22 17.002a6.002 6.002 0 0 1-4.713 5.86l-.638-1.914A4.003 4.003 0 0 0 19.465 19H17a2 2 0 0 1-2-2v-4a2 2 0 0 1 2-2h2.938a8.001 8.001 0 0 0-15.876 0H7a2 2 0 0 1 2 2v4a2 2 0 0 1-2 2H4a2 2 0 0 1-2-2v-5C2 6.477 6.477 2 12 2s10 4.477 10 10V17.002zM20 17v-4h-3v4h3zM4 13v4h3v-4H4z\"><\/path><\/svg>\t\t\t\t\t\t\t\t\t\t<\/div>\n\t\t\t\t\t\t\t\t\t<\/a>\t\t\t\t\t\t\t\t\t\t\t\t\t\t\t\t<div class=\"box-content\">\n\t\t\t\t\t\t\t\t\t\t\t\t\t\t\t\t\t\t\t\t\t\t\t\t\t\t\t\t\t<h4 class=\"box-heading\">\n\t\t\t\t\t\t\t\t\t\t\t<a aria-label=\"&lt;a href=&quot;tel:+40773365426 &quot;&gt;+40 773 365 426&lt;\/a&gt; &lt;br&gt; &lt;a href=&quot;tel:+40773365474&quot;&gt;+40 773 365 474&lt;\/a&gt;\">\t\t\t\t\t\t\t\t\t\t\t\t<a href=\"tel:+40773365426\">+40 773 365 426<\/a> <br> <a href=\"tel:+40773365474\">+40 773 365 474<\/a>\t\t\t\t\t\t\t\t\t\t\t<\/a>\t\t\t\t\t\t\t\t\t\t<\/h4>\n\t\t\t\t\t\t\t\t\t\t\t\t\t\t\t\t\t\t\t\t\t\t\t\t\t\t\t\t<div class=\"box-description\">\n  <style>\n    .ddm-availability{display:flex;gap:12px;align-items:flex-start;font-family:inherit;font-size:14px;color:#000;}\n    .ddm-availability .ddm-bulb{width:12px;height:12px;border-radius:999px;display:inline-block;margin-top:4px;box-shadow:0 0 0 3px rgba(0,0,0,.05)}\n    .ddm-availability.ddm-open .ddm-bulb{background:#19c37d;box-shadow:0 0 0 3px rgba(25,195,125,.18)}\n    .ddm-availability.ddm-closed .ddm-bulb{background:#e5484d;box-shadow:0 0 0 3px rgba(229,72,77,.18)}\n    .ddm-availability .ddm-title{font-weight:700;margin:0 0 4px 0;line-height:1.2}\n    .ddm-availability .ddm-status{margin:0 0 6px 0}\n    .ddm-availability .ddm-hours{margin:0;opacity:.85}\n  <\/style><div class=\"ddm-availability ddm-closed\"><span class=\"ddm-bulb\" aria-hidden=\"true\"><\/span><div class=\"ddm-content\"><p class=\"ddm-title\">Ai \u00eentreb\u0103ri? Contacteaz\u0103-ne!<\/p><p class=\"ddm-status\">Momentan indisponibili<\/p><p class=\"ddm-hours\">Luni \u2013 Vineri: <strong>9:00 \u2013 18:00<\/strong><\/p><\/div><\/div><\/div>\n\t\t\t\t\t\t\t\t\t\t\t\t\t\t\t\t\t\t\t\t\t\t\t\t\t\t<\/div>\n\t\t\t\t\t\t\t<\/div>\n\t\t\t\t\t\t<\/div>\t\t\t\t\t<\/div>\n\t\t\t\t\t\t\t\t\t<div class=\"wf-cell shown\">\n\t\t\t\t\t\t<div class=\"the7-icon-box-grid\">\t\t\t\t\t\t\t<div class=\"box-content-wrapper\">\n\t\t\t\t\t\t\t\t\t\t\t\t\t\t\t\t\t<a class=\"elementor-icon-div\" aria-label=\"C\u0103teasca\">\t\t\t\t\t\t\t\t\t\t<div class=\"elementor-icon\">\n\t\t\t\t\t\t\t\t\t\t\t<svg xmlns=\"http:\/\/www.w3.org\/2000\/svg\" viewBox=\"0 0 24 24\" width=\"24\" height=\"24\"><path fill=\"none\" d=\"M0 0h24v24H0z\"><\/path><path d=\"M12 18.485l4.243-4.242a6 6 0 1 0-8.486 0L12 18.485zm5.657-2.828L12 21.314l-5.657-5.657a8 8 0 1 1 11.314 0zM5 22h14v2H5v-2z\"><\/path><\/svg>\t\t\t\t\t\t\t\t\t\t<\/div>\n\t\t\t\t\t\t\t\t\t<\/a>\t\t\t\t\t\t\t\t\t\t\t\t\t\t\t\t<div class=\"box-content\">\n\t\t\t\t\t\t\t\t\t\t\t\t\t\t\t\t\t\t\t\t\t\t\t\t\t\t\t\t\t<h4 class=\"box-heading\">\n\t\t\t\t\t\t\t\t\t\t\t<a aria-label=\"C\u0103teasca\">\t\t\t\t\t\t\t\t\t\t\t\tC\u0103teasca\t\t\t\t\t\t\t\t\t\t\t<\/a>\t\t\t\t\t\t\t\t\t\t<\/h4>\n\t\t\t\t\t\t\t\t\t\t\t\t\t\t\t\t\t\t\t\t\t\t\t\t\t\t\t\t<div class=\"box-description\">CATEASCA nr.426, 117224<\/div>\n\t\t\t\t\t\t\t\t\t\t\t\t\t\t\t\t\t\t\t\t\t\t\t\t\t\t<\/div>\n\t\t\t\t\t\t\t<\/div>\n\t\t\t\t\t\t<\/div>\t\t\t\t\t<\/div>\n\t\t\t\t\t\t\t\t\t<div class=\"wf-cell shown\">\n\t\t\t\t\t\t<div class=\"the7-icon-box-grid\">\t\t\t\t\t\t\t<div class=\"box-content-wrapper\">\n\t\t\t\t\t\t\t\t\t\t\t\t\t\t\t\t\t<a class=\"elementor-icon-div\" href=\"mailto:office@plasticprocess.ro\" aria-label=\"office@plasticprocess.ro\">\t\t\t\t\t\t\t\t\t\t<div class=\"elementor-icon\">\n\t\t\t\t\t\t\t\t\t\t\t<svg xmlns=\"http:\/\/www.w3.org\/2000\/svg\" viewBox=\"0 0 24 24\" width=\"24\" height=\"24\"><path fill=\"none\" d=\"M0 0h24v24H0z\"><\/path><path d=\"M12 22C6.477 22 2 17.523 2 12S6.477 2 12 2s10 4.477 10 10-4.477 10-10 10zm0-2a8 8 0 1 0 0-16 8 8 0 0 0 0 16zm-1-5h2v2h-2v-2zm2-1.645V14h-2v-1.5a1 1 0 0 1 1-1 1.5 1.5 0 1 0-1.471-1.794l-1.962-.393A3.501 3.501 0 1 1 13 13.355z\"><\/path><\/svg>\t\t\t\t\t\t\t\t\t\t<\/div>\n\t\t\t\t\t\t\t\t\t<\/a>\t\t\t\t\t\t\t\t\t\t\t\t\t\t\t\t<div class=\"box-content\">\n\t\t\t\t\t\t\t\t\t\t\t\t\t\t\t\t\t\t\t\t\t\t\t\t\t\t\t\t\t<h4 class=\"box-heading\">\n\t\t\t\t\t\t\t\t\t\t\t<a href=\"mailto:office@plasticprocess.ro\" aria-label=\"office@plasticprocess.ro\">\t\t\t\t\t\t\t\t\t\t\t\toffice@plasticprocess.ro\t\t\t\t\t\t\t\t\t\t\t<\/a>\t\t\t\t\t\t\t\t\t\t<\/h4>\n\t\t\t\t\t\t\t\t\t\t\t\t\t\t\t\t\t\t\t\t\t\t\t\t\t\t\t\t<div class=\"box-description\">Scrie-ne oric\u00e2nd!<\/div>\n\t\t\t\t\t\t\t\t\t\t\t\t\t\t\t\t\t\t\t\t\t\t\t\t\t\t<\/div>\n\t\t\t\t\t\t\t<\/div>\n\t\t\t\t\t\t<\/div>\t\t\t\t\t<\/div>\n\t\t\t\t\t\t\t<\/div>\n\t\t<\/div>\t\t\t\t<\/div>\n\t\t\t\t<\/div>\n\t\t\t\t<div class=\"elementor-element elementor-element-8c05be9 elementor-widget elementor-widget-spacer\" data-id=\"8c05be9\" data-element_type=\"widget\" data-e-type=\"widget\" data-widget_type=\"spacer.default\">\n\t\t\t\t<div class=\"elementor-widget-container\">\n\t\t\t\t\t\t\t<div class=\"elementor-spacer\">\n\t\t\t<div class=\"elementor-spacer-inner\"><\/div>\n\t\t<\/div>\n\t\t\t\t\t\t<\/div>\n\t\t\t\t<\/div>\n\t\t\t\t<div class=\"elementor-element elementor-element-f6d0321 elementor-widget__width-auto elementor-align-center elementor-widget elementor-widget-the7_icon_widget\" data-id=\"f6d0321\" data-element_type=\"widget\" data-e-type=\"widget\" data-widget_type=\"the7_icon_widget.default\">\n\t\t\t\t<div class=\"elementor-widget-container\">\n\t\t\t\t\t<div class=\"the7-icon-wrapper the7-elementor-widget\"><a class=\"elementor-icon\" href=\"https:\/\/www.facebook.com\/plasticprocesssrl\/\"><svg xmlns=\"http:\/\/www.w3.org\/2000\/svg\" viewBox=\"0 0 24 24\" width=\"24\" height=\"24\"><path fill=\"none\" d=\"M0 0h24v24H0z\"><\/path><path d=\"M12 2C6.477 2 2 6.477 2 12c0 4.991 3.657 9.128 8.438 9.879V14.89h-2.54V12h2.54V9.797c0-2.506 1.492-3.89 3.777-3.89 1.094 0 2.238.195 2.238.195v2.46h-1.26c-1.243 0-1.63.771-1.63 1.562V12h2.773l-.443 2.89h-2.33v6.989C18.343 21.129 22 16.99 22 12c0-5.523-4.477-10-10-10z\"><\/path><\/svg><\/a><\/div>\t\t\t\t<\/div>\n\t\t\t\t<\/div>\n\t\t\t\t<div class=\"elementor-element elementor-element-43276a7 elementor-widget__width-auto elementor-align-center elementor-widget elementor-widget-the7_icon_widget\" data-id=\"43276a7\" data-element_type=\"widget\" data-e-type=\"widget\" data-widget_type=\"the7_icon_widget.default\">\n\t\t\t\t<div class=\"elementor-widget-container\">\n\t\t\t\t\t<div class=\"the7-icon-wrapper the7-elementor-widget\"><a class=\"elementor-icon\" href=\"https:\/\/plasticprocess.bizoo.ro\/\"><i aria-hidden=\"true\" class=\"fas fa-comments-dollar\"><\/i><\/a><\/div>\t\t\t\t<\/div>\n\t\t\t\t<\/div>\n\t\t\t\t\t<\/div>\n\t\t<\/div>\n\t\t\t\t<div class=\"elementor-column elementor-col-50 elementor-top-column elementor-element elementor-element-fdd16eb\" data-id=\"fdd16eb\" data-element_type=\"column\" data-e-type=\"column\" data-settings=\"{&quot;background_background&quot;:&quot;classic&quot;}\">\n\t\t\t<div class=\"elementor-widget-wrap elementor-element-populated\">\n\t\t\t\t\t\t<div class=\"elementor-element elementor-element-87e9797 elementor-widget elementor-widget-heading\" data-id=\"87e9797\" data-element_type=\"widget\" data-e-type=\"widget\" data-widget_type=\"heading.default\">\n\t\t\t\t<div class=\"elementor-widget-container\">\n\t\t\t\t\t<h3 class=\"elementor-heading-title elementor-size-default\">Trimite-ne un mesaj online!<\/h3>\t\t\t\t<\/div>\n\t\t\t\t<\/div>\n\t\t\t\t<div class=\"elementor-element elementor-element-cd92cb6 elementor-widget elementor-widget-text-editor\" data-id=\"cd92cb6\" data-element_type=\"widget\" data-e-type=\"widget\" data-widget_type=\"text-editor.default\">\n\t\t\t\t<div class=\"elementor-widget-container\">\n\t\t\t\t\t\t\t\t\t<p>Ai \u00eentreb\u0103ri sau dore\u0219ti o ofert\u0103 cu privire la produsele noastre? Nu ezita s\u0103 ne trimi\u021bi un mesaj prin acest formular.<\/p>\t\t\t\t\t\t\t\t<\/div>\n\t\t\t\t<\/div>\n\t\t\t\t<div class=\"elementor-element elementor-element-6382645 elementor-widget elementor-widget-spacer\" data-id=\"6382645\" data-element_type=\"widget\" data-e-type=\"widget\" data-widget_type=\"spacer.default\">\n\t\t\t\t<div class=\"elementor-widget-container\">\n\t\t\t\t\t\t\t<div class=\"elementor-spacer\">\n\t\t\t<div class=\"elementor-spacer-inner\"><\/div>\n\t\t<\/div>\n\t\t\t\t\t\t<\/div>\n\t\t\t\t<\/div>\n\t\t\t\t<div class=\"elementor-element elementor-element-10806d7 elementor-button-align-stretch elementor-widget elementor-widget-form\" data-id=\"10806d7\" data-element_type=\"widget\" data-e-type=\"widget\" data-settings=\"{&quot;step_next_label&quot;:&quot;Next&quot;,&quot;step_previous_label&quot;:&quot;Previous&quot;,&quot;button_width&quot;:&quot;100&quot;,&quot;step_type&quot;:&quot;number_text&quot;,&quot;step_icon_shape&quot;:&quot;circle&quot;}\" data-widget_type=\"form.default\">\n\t\t\t\t<div class=\"elementor-widget-container\">\n\t\t\t\t\t\t\t<form class=\"elementor-form\" method=\"post\" name=\"New Form\">\n\t\t\t<input type=\"hidden\" name=\"post_id\" value=\"7547\"\/>\n\t\t\t<input type=\"hidden\" name=\"form_id\" value=\"10806d7\"\/>\n\t\t\t<input type=\"hidden\" name=\"referer_title\" value=\"PlasticProcess\" \/>\n\n\t\t\t\n\t\t\t<div class=\"elementor-form-fields-wrapper elementor-labels-above\">\n\t\t\t\t\t\t\t\t<div class=\"elementor-field-type-text elementor-field-group elementor-column elementor-field-group-name elementor-col-50 elementor-field-required elementor-mark-required\">\n\t\t\t\t\t\t\t\t\t\t\t\t<label for=\"form-field-name\" class=\"elementor-field-label\">\n\t\t\t\t\t\t\t\tNume\t\t\t\t\t\t\t<\/label>\n\t\t\t\t\t\t\t\t\t\t\t\t\t\t<input size=\"1\" type=\"text\" name=\"form_fields[name]\" id=\"form-field-name\" class=\"elementor-field elementor-size-md  elementor-field-textual\" required=\"required\" aria-required=\"true\">\n\t\t\t\t\t\t\t\t\t\t\t<\/div>\n\t\t\t\t\t\t\t\t<div class=\"elementor-field-type-email elementor-field-group elementor-column elementor-field-group-email elementor-col-50 elementor-field-required elementor-mark-required\">\n\t\t\t\t\t\t\t\t\t\t\t\t<label for=\"form-field-email\" class=\"elementor-field-label\">\n\t\t\t\t\t\t\t\tEmail\t\t\t\t\t\t\t<\/label>\n\t\t\t\t\t\t\t\t\t\t\t\t\t\t<input size=\"1\" type=\"email\" name=\"form_fields[email]\" id=\"form-field-email\" class=\"elementor-field elementor-size-md  elementor-field-textual\" required=\"required\" aria-required=\"true\">\n\t\t\t\t\t\t\t\t\t\t\t<\/div>\n\t\t\t\t\t\t\t\t<div class=\"elementor-field-type-text elementor-field-group elementor-column elementor-field-group-field_d5aad89 elementor-col-50\">\n\t\t\t\t\t\t\t\t\t\t\t\t<label for=\"form-field-field_d5aad89\" class=\"elementor-field-label\">\n\t\t\t\t\t\t\t\tProdus dorit\t\t\t\t\t\t\t<\/label>\n\t\t\t\t\t\t\t\t\t\t\t\t\t\t<input size=\"1\" type=\"text\" name=\"form_fields[field_d5aad89]\" id=\"form-field-field_d5aad89\" class=\"elementor-field elementor-size-md  elementor-field-textual\">\n\t\t\t\t\t\t\t\t\t\t\t<\/div>\n\t\t\t\t\t\t\t\t<div class=\"elementor-field-type-text elementor-field-group elementor-column elementor-field-group-field_8a455b8 elementor-col-50\">\n\t\t\t\t\t\t\t\t\t\t\t\t<label for=\"form-field-field_8a455b8\" class=\"elementor-field-label\">\n\t\t\t\t\t\t\t\tTelefon\t\t\t\t\t\t\t<\/label>\n\t\t\t\t\t\t\t\t\t\t\t\t\t\t<input size=\"1\" type=\"text\" name=\"form_fields[field_8a455b8]\" id=\"form-field-field_8a455b8\" class=\"elementor-field elementor-size-md  elementor-field-textual\">\n\t\t\t\t\t\t\t\t\t\t\t<\/div>\n\t\t\t\t\t\t\t\t<div class=\"elementor-field-type-textarea elementor-field-group elementor-column elementor-field-group-message elementor-col-100 elementor-field-required elementor-mark-required\">\n\t\t\t\t\t\t\t\t\t\t\t\t<label for=\"form-field-message\" class=\"elementor-field-label\">\n\t\t\t\t\t\t\t\tSpune-ne mai multe despre ce dore\u0219ti\t\t\t\t\t\t\t<\/label>\n\t\t\t\t\t\t<textarea class=\"elementor-field-textual elementor-field  elementor-size-md\" name=\"form_fields[message]\" id=\"form-field-message\" rows=\"5\" required=\"required\" aria-required=\"true\"><\/textarea>\t\t\t\t<\/div>\n\t\t\t\t\t\t\t\t<div class=\"elementor-field-group elementor-column elementor-field-type-submit elementor-col-100 e-form__buttons\">\n\t\t\t\t\t<button type=\"submit\" class=\"elementor-button elementor-size-lg\">\n\t\t\t\t\t\t<span >\n\t\t\t\t\t\t\t\t\t\t\t\t\t\t\t<span class=\" elementor-button-icon\">\n\t\t\t\t\t\t\t\t\t\t\t\t\t\t\t\t\t\t\t\t\t\t\t\t\t\t<\/span>\n\t\t\t\t\t\t\t\t\t\t\t\t\t\t\t\t\t\t\t\t\t\t<span class=\"elementor-button-text\">TRIMITE<\/span>\n\t\t\t\t\t\t\t\t\t\t\t\t\t<\/span>\n\t\t\t\t\t<\/button>\n\t\t\t\t<\/div>\n\t\t\t<\/div>\n\t\t<\/form>\n\t\t\t\t\t\t<\/div>\n\t\t\t\t<\/div>\n\t\t\t\t\t<\/div>\n\t\t<\/div>\n\t\t\t\t\t<\/div>\n\t\t<\/section>\n\t\t\t\t<\/div>\n\t\t","protected":false},"excerpt":{"rendered":"<p>Hai s\u0103 ne cunoa\u0219tem. +40 773 365 426 +40 773 365 474 C\u0103teasca CATEASCA nr.426, 117224 office@plasticprocess.ro Scrie-ne oric\u00e2nd! Trimite-ne un mesaj online! Ai \u00eentreb\u0103ri sau dore\u0219ti o ofert\u0103 cu privire la produsele noastre? Nu ezita s\u0103 ne trimi\u021bi un mesaj prin acest formular.<\/p>","protected":false},"author":1,"featured_media":0,"parent":0,"menu_order":60,"comment_status":"closed","ping_status":"closed","template":"","meta":{"_acf_changed":false,"footnotes":""},"class_list":["post-7547","page","type-page","status-publish","hentry"],"acf":[],"yoast_head":"<!-- This site is optimized with the Yoast SEO plugin v27.4 - https:\/\/yoast.com\/product\/yoast-seo-wordpress\/ -->\n<title>Contact Plastic Process \u2013 Produse din plastic en-gros<\/title>\n<meta name=\"description\" content=\"Ia leg\u0103tura cu Plastic Process pentru oferte en-gros la produse din plastic. Suntem disponibili telefonic, pe email sau prin formular online.\" \/>\n<meta name=\"robots\" content=\"index, follow, max-snippet:-1, max-image-preview:large, max-video-preview:-1\" \/>\n<link rel=\"canonical\" href=\"https:\/\/plasticprocess.ro\/en\/contact\/\" \/>\n<meta property=\"og:locale\" content=\"en_US\" \/>\n<meta property=\"og:type\" content=\"article\" \/>\n<meta property=\"og:title\" content=\"Contact Plastic Process \u2013 Produse din plastic en-gros\" \/>\n<meta property=\"og:description\" content=\"Ia leg\u0103tura cu Plastic Process pentru oferte en-gros la produse din plastic. Suntem disponibili telefonic, pe email sau prin formular online.\" \/>\n<meta property=\"og:url\" content=\"https:\/\/plasticprocess.ro\/en\/contact\/\" \/>\n<meta property=\"og:site_name\" content=\"PlasticProcess\" \/>\n<meta property=\"article:publisher\" content=\"https:\/\/www.facebook.com\/plasticprocesssrl\/\" \/>\n<meta property=\"article:modified_time\" content=\"2026-02-18T07:06:28+00:00\" \/>\n<meta name=\"twitter:card\" content=\"summary_large_image\" \/>\n<meta name=\"twitter:label1\" content=\"Est. reading time\" \/>\n\t<meta name=\"twitter:data1\" content=\"1 minute\" \/>\n<script type=\"application\/ld+json\" class=\"yoast-schema-graph\">{\"@context\":\"https:\\\/\\\/schema.org\",\"@graph\":[{\"@type\":\"WebPage\",\"@id\":\"https:\\\/\\\/plasticprocess.ro\\\/en\\\/contact\\\/\",\"url\":\"https:\\\/\\\/plasticprocess.ro\\\/en\\\/contact\\\/\",\"name\":\"Contact Plastic Process \u2013 Produse din plastic en-gros\",\"isPartOf\":{\"@id\":\"https:\\\/\\\/plasticprocess.ro\\\/en\\\/#website\"},\"datePublished\":\"2020-11-05T08:55:59+00:00\",\"dateModified\":\"2026-02-18T07:06:28+00:00\",\"description\":\"Ia leg\u0103tura cu Plastic Process pentru oferte en-gros la produse din plastic. Suntem disponibili telefonic, pe email sau prin formular online.\",\"breadcrumb\":{\"@id\":\"https:\\\/\\\/plasticprocess.ro\\\/en\\\/contact\\\/#breadcrumb\"},\"inLanguage\":\"en-US\",\"potentialAction\":[{\"@type\":\"ReadAction\",\"target\":[\"https:\\\/\\\/plasticprocess.ro\\\/en\\\/contact\\\/\"]}]},{\"@type\":\"BreadcrumbList\",\"@id\":\"https:\\\/\\\/plasticprocess.ro\\\/en\\\/contact\\\/#breadcrumb\",\"itemListElement\":[{\"@type\":\"ListItem\",\"position\":1,\"name\":\"Prima pagin\u0103\",\"item\":\"https:\\\/\\\/plasticprocess.ro\\\/\"},{\"@type\":\"ListItem\",\"position\":2,\"name\":\"Contact\"}]},{\"@type\":\"WebSite\",\"@id\":\"https:\\\/\\\/plasticprocess.ro\\\/en\\\/#website\",\"url\":\"https:\\\/\\\/plasticprocess.ro\\\/en\\\/\",\"name\":\"PlasticProcess\",\"description\":\"D\u0103m o nou\u0103 via\u021b\u0103 plasticului!\",\"publisher\":{\"@id\":\"https:\\\/\\\/plasticprocess.ro\\\/en\\\/#organization\"},\"potentialAction\":[{\"@type\":\"SearchAction\",\"target\":{\"@type\":\"EntryPoint\",\"urlTemplate\":\"https:\\\/\\\/plasticprocess.ro\\\/en\\\/?s={search_term_string}\"},\"query-input\":{\"@type\":\"PropertyValueSpecification\",\"valueRequired\":true,\"valueName\":\"search_term_string\"}}],\"inLanguage\":\"en-US\"},{\"@type\":\"Organization\",\"@id\":\"https:\\\/\\\/plasticprocess.ro\\\/en\\\/#organization\",\"name\":\"PlasticProcess\",\"url\":\"https:\\\/\\\/plasticprocess.ro\\\/en\\\/\",\"logo\":{\"@type\":\"ImageObject\",\"inLanguage\":\"en-US\",\"@id\":\"https:\\\/\\\/plasticprocess.ro\\\/en\\\/#\\\/schema\\\/logo\\\/image\\\/\",\"url\":\"https:\\\/\\\/plasticprocess.ro\\\/wp-content\\\/uploads\\\/2023\\\/07\\\/Logo1.png\",\"contentUrl\":\"https:\\\/\\\/plasticprocess.ro\\\/wp-content\\\/uploads\\\/2023\\\/07\\\/Logo1.png\",\"width\":1800,\"height\":569,\"caption\":\"PlasticProcess\"},\"image\":{\"@id\":\"https:\\\/\\\/plasticprocess.ro\\\/en\\\/#\\\/schema\\\/logo\\\/image\\\/\"},\"sameAs\":[\"https:\\\/\\\/www.facebook.com\\\/plasticprocesssrl\\\/\"]}]}<\/script>\n<!-- \/ Yoast SEO plugin. -->","yoast_head_json":{"title":"Contact Plastic Process \u2013 Produse din plastic en-gros","description":"Ia leg\u0103tura cu Plastic Process pentru oferte en-gros la produse din plastic. Suntem disponibili telefonic, pe email sau prin formular online.","robots":{"index":"index","follow":"follow","max-snippet":"max-snippet:-1","max-image-preview":"max-image-preview:large","max-video-preview":"max-video-preview:-1"},"canonical":"https:\/\/plasticprocess.ro\/en\/contact\/","og_locale":"en_US","og_type":"article","og_title":"Contact Plastic Process \u2013 Produse din plastic en-gros","og_description":"Ia leg\u0103tura cu Plastic Process pentru oferte en-gros la produse din plastic. Suntem disponibili telefonic, pe email sau prin formular online.","og_url":"https:\/\/plasticprocess.ro\/en\/contact\/","og_site_name":"PlasticProcess","article_publisher":"https:\/\/www.facebook.com\/plasticprocesssrl\/","article_modified_time":"2026-02-18T07:06:28+00:00","twitter_card":"summary_large_image","twitter_misc":{"Est. reading time":"1 minute"},"schema":{"@context":"https:\/\/schema.org","@graph":[{"@type":"WebPage","@id":"https:\/\/plasticprocess.ro\/en\/contact\/","url":"https:\/\/plasticprocess.ro\/en\/contact\/","name":"Contact Plastic Process \u2013 Produse din plastic en-gros","isPartOf":{"@id":"https:\/\/plasticprocess.ro\/en\/#website"},"datePublished":"2020-11-05T08:55:59+00:00","dateModified":"2026-02-18T07:06:28+00:00","description":"Ia leg\u0103tura cu Plastic Process pentru oferte en-gros la produse din plastic. Suntem disponibili telefonic, pe email sau prin formular online.","breadcrumb":{"@id":"https:\/\/plasticprocess.ro\/en\/contact\/#breadcrumb"},"inLanguage":"en-US","potentialAction":[{"@type":"ReadAction","target":["https:\/\/plasticprocess.ro\/en\/contact\/"]}]},{"@type":"BreadcrumbList","@id":"https:\/\/plasticprocess.ro\/en\/contact\/#breadcrumb","itemListElement":[{"@type":"ListItem","position":1,"name":"Prima pagin\u0103","item":"https:\/\/plasticprocess.ro\/"},{"@type":"ListItem","position":2,"name":"Contact"}]},{"@type":"WebSite","@id":"https:\/\/plasticprocess.ro\/en\/#website","url":"https:\/\/plasticprocess.ro\/en\/","name":"PlasticProcess","description":"D\u0103m o nou\u0103 via\u021b\u0103 plasticului!","publisher":{"@id":"https:\/\/plasticprocess.ro\/en\/#organization"},"potentialAction":[{"@type":"SearchAction","target":{"@type":"EntryPoint","urlTemplate":"https:\/\/plasticprocess.ro\/en\/?s={search_term_string}"},"query-input":{"@type":"PropertyValueSpecification","valueRequired":true,"valueName":"search_term_string"}}],"inLanguage":"en-US"},{"@type":"Organization","@id":"https:\/\/plasticprocess.ro\/en\/#organization","name":"PlasticProcess","url":"https:\/\/plasticprocess.ro\/en\/","logo":{"@type":"ImageObject","inLanguage":"en-US","@id":"https:\/\/plasticprocess.ro\/en\/#\/schema\/logo\/image\/","url":"https:\/\/plasticprocess.ro\/wp-content\/uploads\/2023\/07\/Logo1.png","contentUrl":"https:\/\/plasticprocess.ro\/wp-content\/uploads\/2023\/07\/Logo1.png","width":1800,"height":569,"caption":"PlasticProcess"},"image":{"@id":"https:\/\/plasticprocess.ro\/en\/#\/schema\/logo\/image\/"},"sameAs":["https:\/\/www.facebook.com\/plasticprocesssrl\/"]}]}},"_links":{"self":[{"href":"https:\/\/plasticprocess.ro\/en\/wp-json\/wp\/v2\/pages\/7547","targetHints":{"allow":["GET"]}}],"collection":[{"href":"https:\/\/plasticprocess.ro\/en\/wp-json\/wp\/v2\/pages"}],"about":[{"href":"https:\/\/plasticprocess.ro\/en\/wp-json\/wp\/v2\/types\/page"}],"author":[{"embeddable":true,"href":"https:\/\/plasticprocess.ro\/en\/wp-json\/wp\/v2\/users\/1"}],"replies":[{"embeddable":true,"href":"https:\/\/plasticprocess.ro\/en\/wp-json\/wp\/v2\/comments?post=7547"}],"version-history":[{"count":0,"href":"https:\/\/plasticprocess.ro\/en\/wp-json\/wp\/v2\/pages\/7547\/revisions"}],"wp:attachment":[{"href":"https:\/\/plasticprocess.ro\/en\/wp-json\/wp\/v2\/media?parent=7547"}],"curies":[{"name":"wp","href":"https:\/\/api.w.org\/{rel}","templated":true}]}}